{"id":152,"date":"2017-02-25T13:51:30","date_gmt":"2017-02-25T13:51:30","guid":{"rendered":"https:\/\/casanostra-biel.ch\/?page_id=152"},"modified":"2026-02-17T14:58:00","modified_gmt":"2026-02-17T14:58:00","slug":"accompagnement","status":"publish","type":"page","link":"https:\/\/casanostra-biel.ch\/fr\/angebot\/wohnbegleitung\/","title":{"rendered":"Accompagnement"},"content":{"rendered":"<p>[et_pb_section fb_built=&#187;1&#8243; _builder_version=&#187;4.27.4&#8243; _module_preset=&#187;default&#187; background_color=&#187;#AB5B47&#8243; bottom_divider_style=&#187;curve&#187; bottom_divider_color=&#187;#FCE7C5&#8243; bottom_divider_height=&#187;30px&#187; bottom_divider_height_tablet=&#187;20px&#187; bottom_divider_height_phone=&#187;7px&#187; bottom_divider_height_last_edited=&#187;on|phone&#187; locked=&#187;off&#187; collapsed=&#187;on&#187; global_colors_info=&#187;{}&#187;][et_pb_row _builder_version=&#187;4.27.4&#8243; _module_preset=&#187;default&#187; global_colors_info=&#187;{}&#187;][et_pb_column type=&#187;4_4&#8243; _builder_version=&#187;4.27.4&#8243; _module_preset=&#187;default&#187; global_colors_info=&#187;{}&#187;][et_pb_heading title=&#187;Alles Wissenswerte zum Angebot Wohnbegleitung&#187; _builder_version=&#187;4.27.4&#8243; _module_preset=&#187;default&#187; title_text_color=&#187;#FFFFFF&#187; title_font_size=&#187;6rem&#187; custom_margin_tablet=&#187;&#187; custom_margin_phone=&#187;|||-14px|false|false&#187; custom_margin_last_edited=&#187;on|phone&#187; title_text_align_tablet=&#187;&#187; title_text_align_phone=&#187;&#187; title_text_align_last_edited=&#187;on|phone&#187; title_font_size_tablet=&#187;4.5rem&#187; title_font_size_phone=&#187;3rem&#187; title_font_size_last_edited=&#187;on|phone&#187; module_alignment_tablet=&#187;&#187; module_alignment_phone=&#187;&#187; module_alignment_last_edited=&#187;on|phone&#187; global_colors_info=&#187;{}&#187;][\/et_pb_heading][\/et_pb_column][\/et_pb_row][\/et_pb_section][et_pb_section fb_built=&#187;1&#8243; disabled_on=&#187;on|off|off&#187; _builder_version=&#187;4.27.4&#8243; _module_preset=&#187;default&#187; background_color=&#187;gcid-secondary-color&#187; custom_margin=&#187;0px||0px||false|false&#187; custom_padding=&#187;0px||0px||false|false&#187; border_color_bottom=&#187;#9B140E&#187; locked=&#187;off&#187; collapsed=&#187;on&#187; global_colors_info=&#187;{%22gcid-secondary-color%22:%91%22background_color%22%93}&#187;][et_pb_row _builder_version=&#187;4.27.3&#8243; _module_preset=&#187;default&#187; width=&#187;100%&#187; max_width=&#187;100%&#187; custom_margin=&#187;0px||0px||false|false&#187; custom_padding=&#187;10px||0px||false|false&#187; global_colors_info=&#187;{}&#187;][et_pb_column type=&#187;4_4&#8243; _builder_version=&#187;4.27.3&#8243; _module_preset=&#187;default&#187; global_colors_info=&#187;{}&#187;][dsm_breadcrumbs show_home_icon=&#187;off&#187; separator_icon=&#187;&#x35;||divi||400&#8243; items_bg_color=&#187;#C75C42&#8243; items_padding=&#187;0px|15px|0px|15px|true|true&#187; current_padding=&#187;0px|0px|0px|0px|false|false&#187; _builder_version=&#187;4.27.4&#8243; _module_preset=&#187;default&#187; items_text_color=&#187;#FFFFFF&#187; items_font_size=&#187;1rem&#187; separators_text_color=&#187;#AB5B47&#8243; current_font=&#187;Sytax LT Bold||||||||&#187; current_text_color=&#187;#3A2F2A&#187; current_font_size=&#187;1rem&#187; custom_margin=&#187;0px||0px|0px|false|false&#187; custom_padding=&#187;0px||0px|5%|false|false&#187; border_radii_items=&#187;on|200px|200px|200px|200px&#187; global_colors_info=&#187;{}&#187; items_text_color__hover_enabled=&#187;off|desktop&#187; current_bg_color__hover_enabled=&#187;on|hover&#187; items_bg_color__hover_enabled=&#187;off|hover&#187; current_bg_color__hover=&#187;RGBA(255,255,255,0)&#187;][\/dsm_breadcrumbs][\/et_pb_column][\/et_pb_row][\/et_pb_section][et_pb_section fb_built=&#187;1&#8243; _builder_version=&#187;4.27.4&#8243; background_color=&#187;#FCE7C5&#8243; custom_padding=&#187;||65px|||&#187; bottom_divider_height=&#187;30px&#187; bottom_divider_height_tablet=&#187;20px&#187; bottom_divider_height_phone=&#187;7px&#187; bottom_divider_height_last_edited=&#187;on|phone&#187; locked=&#187;off&#187; collapsed=&#187;on&#187; global_colors_info=&#187;{}&#187;][et_pb_row _builder_version=&#187;4.27.3&#8243; _module_preset=&#187;default&#187; custom_padding=&#187;||3px|||&#187; locked=&#187;off&#187; global_colors_info=&#187;{}&#187;][et_pb_column type=&#187;4_4&#8243; _builder_version=&#187;4.27.3&#8243; _module_preset=&#187;default&#187; global_colors_info=&#187;{}&#187;][et_pb_text _builder_version=&#187;4.27.4&#8243; _module_preset=&#187;default&#187; global_colors_info=&#187;{}&#187;]<\/p>\n<p><strong>Das Ziel der Wohnbegleitung wird individuell und bedarfsgerecht mit den zuk\u00fcnftigen Mieter*innen vereinbart, und dient der Erhaltung und F\u00f6rderung der Wohnkompetenz, der Unterst\u00fctzung bei Administrativen Fragen oder der allgemeinen Alltagsbew\u00e4ltigung. Die professionelle Wohnbegleitung, durch unser Sozialarbeiterteam, dient der Stabilisierung und dem Schutz der betroffenen Personen in ihrer Lebenssituation. <\/strong><\/p>\n<p><strong>Unsere Angebote beinhalten eine professionelle Hauswartung und Liegenschaftsverwaltung, in der Eigenschaft als Eigent\u00fcmer\/Vermieter, bis hin zur professionellen Sozialarbeit.<\/strong><\/p>\n<p>[\/et_pb_text][et_pb_text _builder_version=&#187;4.27.4&#8243; _module_preset=&#187;default&#187; locked=&#187;off&#187; global_colors_info=&#187;{}&#187;]<\/p>\n<p><span>Bei einer Aufnahme stehen einerseits die Krisenintervention und andererseits die Vermittlung von immateriellen und materiellen Ressourcen im Vordergrund.<\/span><\/p>\n<p>[\/et_pb_text][et_pb_heading title=&#187;Begleitung&#187; _builder_version=&#187;4.27.4&#8243; _module_preset=&#187;default&#187; title_level=&#187;h2&#8243; title_text_color=&#187;#AB5B47&#8243; custom_padding=&#187;0px|||||&#187; locked=&#187;off&#187; global_colors_info=&#187;{}&#187;][\/et_pb_heading][et_pb_text admin_label=&#187;Text&#187; _builder_version=&#187;4.27.4&#8243; _module_preset=&#187;default&#187; locked=&#187;off&#187; global_colors_info=&#187;{}&#187;]<\/p>\n<p>Die Begleitdauer ist an die Miete einer Wohnung von Casanostra gebunden und betr\u00e4gt mindestens sechs Monate. Die maximale Begleitdauer wird individuell festgelegt und periodisch \u00fcberpr\u00fcft.<\/p>\n<p>Casanostra bietet als \u00dcbergangsl\u00f6sung Begleitung in m\u00f6blierten Zimmern an.\u00a0<\/p>\n<p>[\/et_pb_text][et_pb_heading title=&#187;Die Begleitintensit\u00e4t&#187; admin_label=&#187;Heading&#187; _builder_version=&#187;4.27.4&#8243; _module_preset=&#187;default&#187; title_level=&#187;h2&#8243; title_text_color=&#187;#AB5B47&#8243; locked=&#187;off&#187; global_colors_info=&#187;{}&#187;][\/et_pb_heading][pac_dtm_parent _builder_version=&#187;4.27.4&#8243; _module_preset=&#187;default&#187; global_colors_info=&#187;{}&#187;][\/pac_dtm_parent][et_pb_text _builder_version=&#187;4.27.4&#8243; _module_preset=&#187;default&#187; locked=&#187;off&#187; global_colors_info=&#187;{}&#187;]<\/p>\n<p>Die Intensit\u00e4t und der Inhalt der Begleitung wird individuell festgelegt und periodisch \u00fcberpr\u00fcft.<\/p>\n<p>Die Wohnbegleitung versteht sich als erg\u00e4nzendes Angebot. Bestehende freiwillige oder professionelle Hilfen sollen weder \u00fcbernommen noch konkurrenziert werden.<\/p>\n<p>Vielmehr wird in solchen Situationen eine sinnvolle Zusammenarbeit gesucht. Die Begleitung von Casanostra konzentriert sich in erster Linie auf den Wohnbereich.<\/p>\n<p>[\/et_pb_text][\/et_pb_column][\/et_pb_row][\/et_pb_section][et_pb_section fb_built=&#187;1&#8243; _builder_version=&#187;4.27.4&#8243; _module_preset=&#187;default&#187; background_image=&#187;https:\/\/casanostra-biel.ch\/wp-content\/uploads\/2025\/04\/Mettstrasse27A_03032019_006.jpg&#187; parallax=&#187;on&#187; parallax_method=&#187;off&#187; height=&#187;450px&#187; background_last_edited=&#187;on|phone&#187; background_image_phone=&#187;https:\/\/casanostra-biel.ch\/wp-content\/uploads\/2025\/02\/Casanostra-Molzgasse_Fassade_20140206_015.jpg&#187; background_enable_image_phone=&#187;on&#187; locked=&#187;off&#187; collapsed=&#187;on&#187; global_colors_info=&#187;{}&#187;][et_pb_row _builder_version=&#187;4.27.4&#8243; _module_preset=&#187;default&#187; global_colors_info=&#187;{}&#187;][et_pb_column type=&#187;4_4&#8243; _builder_version=&#187;4.27.4&#8243; _module_preset=&#187;default&#187; global_colors_info=&#187;{}&#187;][\/et_pb_column][\/et_pb_row][\/et_pb_section][et_pb_section fb_built=&#187;1&#8243; _builder_version=&#187;4.27.4&#8243; _module_preset=&#187;default&#187; background_color=&#187;#FDF4E4&#8243; bottom_divider_style=&#187;curve&#187; bottom_divider_color=&#187;#AB5B47&#8243; bottom_divider_height=&#187;30px&#187; bottom_divider_height_tablet=&#187;20px&#187; bottom_divider_height_phone=&#187;7px&#187; bottom_divider_height_last_edited=&#187;on|phone&#187; link_option_url=&#187;https:\/\/casanostra-biel.ch\/wp-content\/uploads\/2025\/08\/Inserat-SachbearbeiterIn-Administration-80-100.pdf&#187; link_option_url_new_window=&#187;on&#187; locked=&#187;off&#187; global_colors_info=&#187;{}&#187;][et_pb_row _builder_version=&#187;4.27.4&#8243; _module_preset=&#187;default&#187; global_colors_info=&#187;{}&#187;][et_pb_column type=&#187;4_4&#8243; _builder_version=&#187;4.27.4&#8243; _module_preset=&#187;default&#187; global_colors_info=&#187;{}&#187;][et_pb_heading title=&#187;Was die Wohnbegleitungen bei Casanostra kosten&#187; _builder_version=&#187;4.27.4&#8243; _module_preset=&#187;default&#187; title_level=&#187;h2&#8243; title_text_color=&#187;#AB5B47&#8243; locked=&#187;off&#187; global_colors_info=&#187;{}&#187;][\/et_pb_heading][et_pb_heading title=&#187;Begleitkosten&#187; _builder_version=&#187;4.27.4&#8243; _module_preset=&#187;default&#187; title_level=&#187;h3&#8243; title_text_color=&#187;#AB5B47&#8243; min_height=&#187;60.2px&#187; locked=&#187;off&#187; global_colors_info=&#187;{}&#187;][\/et_pb_heading][et_pb_text _builder_version=&#187;4.27.4&#8243; locked=&#187;off&#187; global_colors_info=&#187;{}&#187;]<\/p>\n<p>Grunds\u00e4tzlich ist Casanostra auf eine Kostengutsprache eines Kostentr\u00e4gers angewiesen. Begleitkosten werden nach effektivem Aufwand in Rechnung gestellt, selbstverst\u00e4ndlich unter Ber\u00fccksichtigung von vorher festgelegten Kostend\u00e4chern. Die Begleitkosten sind f\u00fcr unsere Partner und Kostentr\u00e4ger transparent und nachvollziehbar.<\/p>\n<p>Pro Stunde Begleitung verrechnet Casanostra CHF 135.-.<\/p>\n<p>&nbsp;<\/p>\n<p>[\/et_pb_text][et_pb_blurb url=&#187;https:\/\/casanostra-biel.ch\/wp-content\/uploads\/2022\/06\/Anmeldeformular-2021_d.pdf&#187; url_new_window=&#187;on&#187; use_icon=&#187;on&#187; font_icon=&#187;&#xe092;||divi||400&#8243; admin_label=&#187;Blurb&#187; _builder_version=&#187;4.27.5&#8243; _module_preset=&#187;bf5aa682-012b-412f-8e05-0a060be12516&#8243; background_color=&#187;#FDF4E4&#8243; link_option_url=&#187;https:\/\/casanostra-biel.ch\/wp-content\/uploads\/2022\/06\/Anmeldeformular-2021_d.pdf&#187; link_option_url_new_window=&#187;on&#187; locked=&#187;off&#187; global_colors_info=&#187;{}&#187;]<\/p>\n<p style=\"text-align: left;\"><a href=\"https:\/\/casanostra-biel.ch\/wp-content\/uploads\/2026\/01\/Anmeldung-Casanostra-D.pdf\"><span style=\"text-decoration: underline; color: #000000;\"><strong>Anmeldeformular<\/strong><\/span><\/a><\/p>\n<p>[\/et_pb_blurb][et_pb_blurb url=&#187;https:\/\/casanostra-biel.ch\/wp-content\/uploads\/2026\/02\/Casanostra_Flyer-WEB-DE.pdf&#187; url_new_window=&#187;on&#187; use_icon=&#187;on&#187; font_icon=&#187;&#xe092;||divi||400&#8243; admin_label=&#187;Blurb&#187; _builder_version=&#187;4.27.5&#8243; _module_preset=&#187;bf5aa682-012b-412f-8e05-0a060be12516&#8243; background_color=&#187;#FDF4E4&#8243; link_option_url=&#187;https:\/\/casanostra-biel.ch\/wp-content\/uploads\/2026\/02\/Casanostra_Flyer-WEB-DE.pdf&#187; link_option_url_new_window=&#187;on&#187; hover_enabled=&#187;0&#8243; locked=&#187;off&#187; global_colors_info=&#187;{}&#187; sticky_enabled=&#187;0&#8243;]<\/p>\n<p style=\"text-align: left;\"><a href=\"https:\/\/casanostra-biel.ch\/wp-content\/uploads\/2026\/02\/Casanostra_Flyer-WEB-DE.pdf\"><span style=\"text-decoration: underline; color: #000000;\"><strong>Flyer<\/strong><\/span><\/a><\/p>\n<p>[\/et_pb_blurb][\/et_pb_column][\/et_pb_row][\/et_pb_section]<\/p>\n","protected":false},"excerpt":{"rendered":"<p><div class=\"et_pb_module dsm_breadcrumbs dsm_breadcrumbs_0\">\n\t\t\t\t\n\t\t\t\t\n\t\t\t\t\n\t\t\t\t\n\t\t\t\t\n\t\t\t\t\n\t\t\t\t<div class=\"et_pb_module_inner\">\n\t\t\t\t\t<nav class=\"dsm_breadcrumbs_wrap\">\n\t\t\t\t<ul class=\"dsm_breadcrumbs\" itemscope itemtype=\"https:\/\/schema.org\/BreadcrumbList\">\t\t\t<li class=\"dsm_breadcrumbs_item dsm_home_item dsm_home_item_custom\" itemprop=\"itemListElement\" itemscope\n\t\t\titemtype=\"https:\/\/schema.org\/ListItem\">\n\t\t\t\t<a href=\"https:\/\/casanostra-biel.ch\/fr\" itemprop=\"item\" target=\"\">\n\t\t\t\t\t<span class='dsm_home_text_wrapper'>\n\t\t\t\t\t\t\t\t\t\t\t\t\t<span class=\"dsm_home_text\" itemprop=\"name\">\n\t\t\t\t\t\t\t\tHome\t\t\t\t\t\t\t<\/span>\n\t\t\t\t\t<\/span>\n\t\t\t\t<\/a>\n\t\t\t\t<meta itemprop=\"position\" content=\"1\" \/>\n\t\t\t<\/li>\n\n\t\t<li class=\"dsm_breadcrumbs_separator\"> <span class=\"et-pb-icon dsm_separator_icon\">&#x35;<\/span><\/li><\/ul>\n\t\t\t<\/nav>\n\t\t\t\t<\/div>\n\t\t\t<\/div>Das Ziel der Wohnbegleitung wird individuell und bedarfsgerecht mit den zuk\u00fcnftigen Mieter*innen vereinbart, und dient der Erhaltung und F\u00f6rderung der Wohnkompetenz, der Unterst\u00fctzung bei Administrativen Fragen oder der allgemeinen Alltagsbew\u00e4ltigung. Die professionelle Wohnbegleitung, durch unser Sozialarbeiterteam, dient der Stabilisierung und dem Schutz der betroffenen Personen in ihrer Lebenssituation. Unsere Angebote beinhalten eine professionelle Hauswartung und Liegenschaftsverwaltung, in der Eigenschaft als Eigent\u00fcmer\/Vermieter, bis hin zur professionellen Sozialarbeit.Bei einer Aufnahme stehen einerseits die Krisenintervention und andererseits die Vermittlung von immateriellen und materiellen Ressourcen im Vordergrund.Die Begleitdauer ist an die Miete einer Wohnung von Casanostra gebunden und betr\u00e4gt mindestens sechs Monate. Die maximale Begleitdauer wird individuell festgelegt und periodisch \u00fcberpr\u00fcft. Casanostra bietet als \u00dcbergangsl\u00f6sung Begleitung in m\u00f6blierten Zimmern an.\u00a0<div class=\"et_pb_module pac_dtm_parent pac_dtm_parent_0\">\n\t\t\t\t\n\t\t\t\t\n\t\t\t\t\n\t\t\t\t\n\t\t\t\t\n\t\t\t\t\n\t\t\t\t<div class=\"et_pb_module_inner\">\n\t\t\t\t\t<div class=\"pac_dtm-wrapper pac_dtm-controls-bottom pac_dtm-controls-tablet-bottom pac_dtm-controls-phone-bottom\">\n                <div class=\"pac_dtm-controls pac_dtm-controls-off pac_dtm-controls-tablet-off pac_dtm-controls-phone-off\">\n                    <span class=\"pac_dtm-controls-single pac_dtm-prev\">Prev<\/span>\n                    <ul class=\"navs pac_dtm-navs\" role=\"tablist\">\n                        \n                    <\/ul>\n                    <span class=\"pac_dtm-controls-single pac_dtm-next\">Next<\/span>\n                <\/div>\n                <div class=\"pac_dtm_container pac_dtm-top pac_dtm-tablet-top pac_dtm-phone-top pac_dtm-navstyle-hiddennav\"\n                data-pac_dtm_mobile_menu_icon=\"off\"\n                data-pac_dtm_mobile_menu_icon_state=\"expanded\"\n                data-pac_dtm_tab_change_method=\"click\"\n                data-pac_dtm_tab_change_method_tablet=\"click\"\n                data-pac_dtm_tab_change_method_phone=\"click\"\n                data-pac_dtm_animation=\"off\"\n                data-pac_dtm_rotation=\"off\"\n                data-pac_dtm_rotation_tablet=\"off\"\n                data-pac_dtm_rotation_phone=\"off\"\n                data-pac_dtm_active_tab=\"1\"\n                data-pac_dtm_tabs_deeplinking=\"off\"\n                data-pac_dtm_animation_duration=\"500\"\n                data-pac_dtm_animation_effect=\"\"\n                data-pac_dtm_rotation_delay=\"3000\"\n                data-pac_dtm_rotation_onclick=\"off\">\n                    \n                    <ul class=\"pac_dtm_tabnav pac_dtm_tabnav-hidden-off pac_dtm_tabnav-hidden-tablet-off pac_dtm_tabnav-hidden-phone-off pac_dtm-fullwidth-off pac_dtm-fullwidth-tablet-off pac_dtm-fullwidth-phone-off\" role=\"tablist\">\n                        \n                    <\/ul>\n                    <div class=\"pac_dtm_child_container \">\n                        \n                    <\/div>\n                <\/div>\n            <\/div>\n\t\t\t\t<\/div>\n\t\t\t<\/div>Die Intensit\u00e4t und der Inhalt der Begleitung wird individuell festgelegt und periodisch \u00fcberpr\u00fcft. Die Wohnbegleitung versteht sich als erg\u00e4nzendes Angebot. Bestehende freiwillige oder professionelle Hilfen sollen weder \u00fcbernommen noch konkurrenziert werden. Vielmehr wird in solchen Situationen eine sinnvolle Zusammenarbeit gesucht. Die Begleitung von Casanostra konzentriert sich in erster Linie auf den Wohnbereich.Grunds\u00e4tzlich ist Casanostra auf eine Kostengutsprache eines Kostentr\u00e4gers [&hellip;]<\/p>\n","protected":false},"author":12,"featured_media":153,"parent":90,"menu_order":0,"comment_status":"closed","ping_status":"closed","template":"","meta":{"_et_pb_use_builder":"on","_et_pb_old_content":"<strong>Begleitungskosten<\/strong>\r\n<ul>\r\n \t<li>Stufe A Fr. 490.- pro Monat<\/li>\r\n \t<li>Stufe B Fr. 320.- pro Monat<\/li>\r\n \t<li>Stufe C kostenlos<\/li>\r\n<\/ul>\r\nErl\u00e4uterungen zu den einzelnen Stufen finden Sie unter der Rubrik <a href=\"\/alles-wissenswerte-zum-angebot-wohnbegleitung\"><strong>Wohnbegleitung<\/strong><\/a>.\r\n\r\n<strong>Kostendeckung<\/strong>\r\nGrunds\u00e4tzlich ist die Mieterin\/der Mieter f\u00fcr die Bezahlung der Miete und allenfalls Begleitungskosten selbst verantwortlich. Sind sie dazu nicht in der Lage, ist Casanostra auf eine Kostengutsprache eines Sozialdienstes angewiesen.\r\n\r\nIm Weiteren ist die Mieterin\/der Mieter oder deren Kostentr\u00e4ger verantwortlich f\u00fcr den Abschluss einer Haftpflichtversicherung.\r\n\r\n<a class=\"download-icon\" href=\"https:\/\/casanostra-biel.ch\/wp-content\/uploads\/2019\/05\/Flyer-Wohnraum_Begleitung.pdf\" target=\"_blank\" rel=\"noopener noreferrer\"><strong>Infoflyer<\/strong>\r\n(PDF, 1.7 MB)<\/a>","_et_gb_content_width":"","footnotes":""},"class_list":["post-152","page","type-page","status-publish","has-post-thumbnail","hentry"],"_links":{"self":[{"href":"https:\/\/casanostra-biel.ch\/fr\/wp-json\/wp\/v2\/pages\/152","targetHints":{"allow":["GET"]}}],"collection":[{"href":"https:\/\/casanostra-biel.ch\/fr\/wp-json\/wp\/v2\/pages"}],"about":[{"href":"https:\/\/casanostra-biel.ch\/fr\/wp-json\/wp\/v2\/types\/page"}],"author":[{"embeddable":true,"href":"https:\/\/casanostra-biel.ch\/fr\/wp-json\/wp\/v2\/users\/12"}],"replies":[{"embeddable":true,"href":"https:\/\/casanostra-biel.ch\/fr\/wp-json\/wp\/v2\/comments?post=152"}],"version-history":[{"count":0,"href":"https:\/\/casanostra-biel.ch\/fr\/wp-json\/wp\/v2\/pages\/152\/revisions"}],"up":[{"embeddable":true,"href":"https:\/\/casanostra-biel.ch\/fr\/wp-json\/wp\/v2\/pages\/90"}],"wp:featuredmedia":[{"embeddable":true,"href":"https:\/\/casanostra-biel.ch\/fr\/wp-json\/wp\/v2\/media\/153"}],"wp:attachment":[{"href":"https:\/\/casanostra-biel.ch\/fr\/wp-json\/wp\/v2\/media?parent=152"}],"curies":[{"name":"wp","href":"https:\/\/api.w.org\/{rel}","templated":true}]}}