{"id":132,"date":"2017-02-25T13:20:03","date_gmt":"2017-02-25T13:20:03","guid":{"rendered":"https:\/\/casanostra-biel.ch\/?page_id=132"},"modified":"2026-02-17T15:01:24","modified_gmt":"2026-02-17T15:01:24","slug":"wohnfit","status":"publish","type":"page","link":"https:\/\/casanostra-biel.ch\/fr\/angebot\/wohnfit\/","title":{"rendered":"Wohnfit"},"content":{"rendered":"<p>[et_pb_section fb_built=&#187;1&#8243; next_background_color=&#187;gcid-secondary-color&#187; _builder_version=&#187;4.27.4&#8243; _module_preset=&#187;default&#187; background_color=&#187;#AB5B47&#8243; bottom_divider_style=&#187;curve&#187; bottom_divider_height=&#187;30px&#187; bottom_divider_height_tablet=&#187;20px&#187; bottom_divider_height_phone=&#187;7px&#187; bottom_divider_height_last_edited=&#187;on|phone&#187; global_colors_info=&#187;{}&#187;][et_pb_row _builder_version=&#187;4.27.4&#8243; _module_preset=&#187;default&#187; global_colors_info=&#187;{}&#187;][et_pb_column type=&#187;4_4&#8243; _builder_version=&#187;4.27.4&#8243; _module_preset=&#187;default&#187; global_colors_info=&#187;{}&#187;][et_pb_heading title=&#187;Alles Wissenswerte zum Angebot Wohnfit&#187; _builder_version=&#187;4.27.4&#8243; _module_preset=&#187;default&#187; title_text_color=&#187;#FFFFFF&#187; title_font_size=&#187;6rem&#187; title_font_size_tablet=&#187;4.5rem&#187; title_font_size_phone=&#187;3rem&#187; title_font_size_last_edited=&#187;on|phone&#187; global_colors_info=&#187;{}&#187;][\/et_pb_heading][\/et_pb_column][\/et_pb_row][\/et_pb_section][et_pb_section fb_built=&#187;1&#8243; disabled_on=&#187;on|off|off&#187; _builder_version=&#187;4.27.4&#8243; _module_preset=&#187;default&#187; background_color=&#187;gcid-secondary-color&#187; custom_margin=&#187;0px||0px||false|false&#187; custom_padding=&#187;0px||0px||false|false&#187; border_color_bottom=&#187;#9B140E&#187; global_colors_info=&#187;{%22gcid-secondary-color%22:%91%22background_color%22%93}&#187;][et_pb_row _builder_version=&#187;4.27.3&#8243; _module_preset=&#187;default&#187; width=&#187;100%&#187; max_width=&#187;100%&#187; custom_margin=&#187;0px||0px||false|false&#187; custom_padding=&#187;10px||0px||false|false&#187; global_colors_info=&#187;{}&#187;][et_pb_column type=&#187;4_4&#8243; _builder_version=&#187;4.27.3&#8243; _module_preset=&#187;default&#187; global_colors_info=&#187;{}&#187;][dsm_breadcrumbs show_home_icon=&#187;off&#187; separator_icon=&#187;&#x35;||divi||400&#8243; items_bg_color=&#187;#C75C42&#8243; items_padding=&#187;0px|15px|0px|15px|true|true&#187; current_padding=&#187;0px|0px|0px|0px|false|false&#187; _builder_version=&#187;4.27.4&#8243; _module_preset=&#187;default&#187; items_text_color=&#187;#FFFFFF&#187; items_font_size=&#187;1rem&#187; separators_text_color=&#187;#AB5B47&#8243; current_font=&#187;Sytax LT Bold||||||||&#187; current_text_color=&#187;#3A2F2A&#187; current_font_size=&#187;1rem&#187; custom_margin=&#187;0px||0px|0px|false|false&#187; custom_padding=&#187;0px||0px|5%|false|false&#187; border_radii_items=&#187;on|200px|200px|200px|200px&#187; global_colors_info=&#187;{}&#187; items_text_color__hover_enabled=&#187;off|desktop&#187; current_bg_color__hover_enabled=&#187;on|hover&#187; items_bg_color__hover_enabled=&#187;off|hover&#187; current_bg_color__hover=&#187;RGBA(255,255,255,0)&#187;][\/dsm_breadcrumbs][\/et_pb_column][\/et_pb_row][\/et_pb_section][et_pb_section fb_built=&#187;1&#8243; _builder_version=&#187;4.27.4&#8243; background_color=&#187;#FCE7C5&#8243; min_height=&#187;3017.2px&#187; custom_margin=&#187;||0px||false|false&#187; custom_padding=&#187;||0px|||&#187; bottom_divider_style=&#187;curve&#187; bottom_divider_color=&#187;#AB5B47&#8243; bottom_divider_height=&#187;30px&#187; bottom_divider_height_tablet=&#187;20px&#187; bottom_divider_height_phone=&#187;7px&#187; bottom_divider_height_last_edited=&#187;on|phone&#187; global_colors_info=&#187;{}&#187;][et_pb_row _builder_version=&#187;4.27.3&#8243; _module_preset=&#187;default&#187; custom_padding=&#187;||3px|||&#187; locked=&#187;off&#187; global_colors_info=&#187;{}&#187;][et_pb_column type=&#187;4_4&#8243; _builder_version=&#187;4.27.3&#8243; _module_preset=&#187;default&#187; global_colors_info=&#187;{}&#187;][et_pb_heading _builder_version=&#187;4.27.4&#8243; _module_preset=&#187;default&#187; title_level=&#187;h2&#8243; title_text_color=&#187;#AB5B47&#8243; global_colors_info=&#187;{}&#187;][\/et_pb_heading][et_pb_text _builder_version=&#187;4.27.4&#8243; _module_preset=&#187;default&#187; global_colors_info=&#187;{}&#187;]<\/p>\n<p><strong>\u201eWohnfit\u201c: Ein Pr\u00e4ventionsangebot zum Erhalt der Wohnung<\/strong><\/p>\n<p>[\/et_pb_text][et_pb_heading title=&#187;Wen wir begleiten&#187; _builder_version=&#187;4.27.4&#8243; _module_preset=&#187;default&#187; title_level=&#187;h2&#8243; title_text_color=&#187;#AB5B47&#8243; global_colors_info=&#187;{}&#187;][\/et_pb_heading][et_pb_text _builder_version=&#187;4.27.4&#8243; _module_preset=&#187;default&#187; global_colors_info=&#187;{}&#187;]<\/p>\n<p>Das Angebot \u00abWohnfit\u00bb steht f\u00fcr begleitetes Wohnen f\u00fcr Menschen, die in ihren eigenen Wohnungen leben.\u00a0 \u00abWohnfit\u00bb ist f\u00fcr Personen, Paare und Familien, die ihre Kompetenzen im Wohnbereich erweitern wollen. Sie sind Mieterin oder Mieter einer Wohnung und m\u00f6chten in dieser Wohnung bleiben k\u00f6nnen. Sie wollen Wohnkompetenzen erlangen, um im Wohnungsmarkt fit zu werden, ben\u00f6tigen fachliche Unterst\u00fctzung, um an ihren Schwierigkeiten zu arbeiten, die ihr Mietverh\u00e4ltnis gef\u00e4hrden k\u00f6nnten.<\/p>\n<p>[\/et_pb_text][et_pb_testimonial author=&#187;Frau I.&#187; job_title=&#187;Klientin Casanostra&#187; portrait_url=&#187;https:\/\/casanostra-biel.ch\/wp-content\/uploads\/2025\/04\/Portrait-4-300&#215;169.jpg&#187; quote_icon=&#187;off&#187; _builder_version=&#187;4.27.4&#8243; _module_preset=&#187;default&#187; background_color=&#187;#FDF4E4&#8243; custom_margin=&#187;||||false|false&#187; custom_padding=&#187;||||false|false&#187; border_radii=&#187;on|10px|10px|10px|10px&#187; locked=&#187;off&#187; global_colors_info=&#187;{}&#187;]<\/p>\n<p class=\"p1\">\u201eMit dem Wohnfit von Casanostra kam Rhythmus in mein Leben.\u201c<\/p>\n<p>[\/et_pb_testimonial][et_pb_heading title=&#187;Was wir bieten&#187; _builder_version=&#187;4.27.4&#8243; _module_preset=&#187;default&#187; title_level=&#187;h2&#8243; title_text_color=&#187;#AB5B47&#8243; locked=&#187;off&#187; global_colors_info=&#187;{}&#187;][\/et_pb_heading][et_pb_text _builder_version=&#187;4.27.4&#8243; _module_preset=&#187;default&#187; locked=&#187;off&#187; global_colors_info=&#187;{}&#187;]<\/p>\n<p>Wir bieten eine sozialarbeiterische Begleitung f\u00fcr Menschen, die Unterst\u00fctzung im Alltag ben\u00f6tigen. Alle unsere Interventionen haben das Ziel, die Selbstst\u00e4ndigkeit der Menschen zu erh\u00f6hen und das Mietverh\u00e4ltnis m\u00f6glichst langfristig zu sichern. Am Anfang unserer Arbeit steht eine genaue Abkl\u00e4rung der jeweiligen Umst\u00e4nde:<\/p>\n<p>[\/et_pb_text][\/et_pb_column][\/et_pb_row][et_pb_row column_structure=&#187;1_3,1_3,1_3&#8243; _builder_version=&#187;4.27.4&#8243; _module_preset=&#187;default&#187; custom_padding=&#187;||1px|||&#187; global_colors_info=&#187;{}&#187;][et_pb_column type=&#187;1_3&#8243; _builder_version=&#187;4.27.4&#8243; _module_preset=&#187;default&#187; global_colors_info=&#187;{}&#187;][et_pb_blurb title=&#187;Einsch\u00e4tzung der Wohnsituation&#187; image=&#187;https:\/\/casanostra-biel.ch\/wp-content\/uploads\/2025\/04\/Casanostra-Frau-Fenster-1024&#215;576.jpg&#187; icon_placement=&#187;top&#187; _builder_version=&#187;4.27.4&#8243; _module_preset=&#187;default&#187; border_radii_image=&#187;on|5px|5px|5px|5px&#187; border_color_right_image=&#187;#AB5B47&#8243; global_colors_info=&#187;{}&#187; border_style_right_image__hover_enabled=&#187;on|hover&#187; border_width_all_image__hover_enabled=&#187;on|hover&#187; border_width_right_image__hover_enabled=&#187;on|hover&#187; box_shadow_vertical_image__hover_enabled=&#187;on|hover&#187; box_shadow_vertical_image__hover=&#187;7px&#187;]<\/p>\n<p>Entspricht die gemietete Wohnung den Bed\u00fcrfnissen der Mietpartei? Wie ist das Mietverh\u00e4ltnis geregelt? Wo liegen Unstimmigkeiten in der heutigen Wohnsituation? Welche Probleme stehen an und von wem werden sie wie definiert?<\/p>\n<p>[\/et_pb_blurb][\/et_pb_column][et_pb_column type=&#187;1_3&#8243; _builder_version=&#187;4.27.4&#8243; _module_preset=&#187;default&#187; global_colors_info=&#187;{}&#187;][et_pb_blurb title=&#187;Einsch\u00e4tzung der Wohnressourcen&#187; image=&#187;https:\/\/casanostra-biel.ch\/wp-content\/uploads\/2025\/04\/Casanostra-Hande-1024&#215;576.jpg&#187; icon_placement=&#187;top&#187; _builder_version=&#187;4.27.4&#8243; _module_preset=&#187;default&#187; border_radii_image=&#187;on|5px|5px|5px|5px&#187; border_color_right_image=&#187;#AB5B47&#8243; global_colors_info=&#187;{}&#187; border_width_all_image__hover_enabled=&#187;on|hover&#187; border_width_right_image__hover_enabled=&#187;on|hover&#187; border_style_right_image__hover_enabled=&#187;on|hover&#187; box_shadow_vertical_image__hover=&#187;7px&#187; box_shadow_vertical_image__hover_enabled=&#187;on|hover&#187;]<\/p>\n<p>Welche pers\u00f6nlichen und materiellen Ressourcen stehen zur Verf\u00fcgung, um die Wohnsituation zu verbessern? Welche Unterst\u00fctzungen durch Familie, Freunde und Nachbarn sind m\u00f6glich? Sind weitere Fachstellen involviert oder deren Einbezug notwendig?<\/p>\n<p>[\/et_pb_blurb][\/et_pb_column][et_pb_column type=&#187;1_3&#8243; _builder_version=&#187;4.27.4&#8243; _module_preset=&#187;default&#187; global_colors_info=&#187;{}&#187;][et_pb_blurb title=&#187;Beratung \u00fcber Ver\u00e4nderungsm\u00f6glichkeiten&#187; image=&#187;https:\/\/casanostra-biel.ch\/wp-content\/uploads\/2025\/04\/Casanostra-Richtung-1024&#215;576.jpg&#187; icon_placement=&#187;top&#187; _builder_version=&#187;4.27.4&#8243; _module_preset=&#187;default&#187; border_radii_image=&#187;on|5px|5px|5px|5px&#187; border_color_right_image=&#187;#AB5B47&#8243; global_colors_info=&#187;{}&#187; border_width_all_image__hover_enabled=&#187;on|hover&#187; border_width_right_image__hover_enabled=&#187;on|hover&#187; border_style_right_image__hover_enabled=&#187;on|hover&#187; box_shadow_vertical_image__hover=&#187;7px&#187; box_shadow_vertical_image__hover_enabled=&#187;on|hover&#187;]<\/p>\n<p>Soll und kann das bestehende Mietverh\u00e4ltnis aufrecht erhalten werden? An welchen L\u00f6sungsans\u00e4tzen orientiert sich die Mietpartei? Welche Alternativen bieten sich an?<\/p>\n<p>[\/et_pb_blurb][\/et_pb_column][\/et_pb_row][et_pb_row _builder_version=&#187;4.27.4&#8243; _module_preset=&#187;default&#187; global_colors_info=&#187;{}&#187;][et_pb_column type=&#187;4_4&#8243; _builder_version=&#187;4.27.4&#8243; _module_preset=&#187;default&#187; global_colors_info=&#187;{}&#187;][et_pb_testimonial author=&#187;Frau I.&#187; job_title=&#187;Klientin Casanostra&#187; portrait_url=&#187;https:\/\/casanostra-biel.ch\/wp-content\/uploads\/2025\/04\/Portrait-4-300&#215;169.jpg&#187; quote_icon=&#187;off&#187; _builder_version=&#187;4.27.4&#8243; _module_preset=&#187;default&#187; background_color=&#187;#FDF4E4&#8243; custom_margin=&#187;||||false|false&#187; custom_padding=&#187;||||false|false&#187; border_radii=&#187;on|10px|10px|10px|10px&#187; global_colors_info=&#187;{}&#187;]<\/p>\n<p class=\"p1\">\u201eMit dem Wohnfit von Casanostra kam Rhythmus in mein Leben.\u201c<\/p>\n<p>[\/et_pb_testimonial][\/et_pb_column][\/et_pb_row][et_pb_row _builder_version=&#187;4.27.4&#8243; _module_preset=&#187;default&#187; min_height=&#187;1295.9px&#187; custom_padding=&#187;||2px|||&#187; locked=&#187;off&#187; collapsed=&#187;off&#187; global_colors_info=&#187;{}&#187;][et_pb_column type=&#187;4_4&#8243; _builder_version=&#187;4.27.3&#8243; _module_preset=&#187;default&#187; global_colors_info=&#187;{}&#187;][et_pb_heading title=&#187;Wie wir arbeiten&#187; _builder_version=&#187;4.27.4&#8243; _module_preset=&#187;default&#187; title_level=&#187;h2&#8243; title_text_color=&#187;#AB5B47&#8243; locked=&#187;off&#187; global_colors_info=&#187;{}&#187;][\/et_pb_heading][et_pb_blurb use_icon=&#187;on&#187; font_icon=&#187;&#xe046;||divi||400&#8243; _builder_version=&#187;4.27.4&#8243; _module_preset=&#187;default&#187; global_colors_info=&#187;{}&#187;]<\/p>\n<p style=\"text-align: left;\"><strong>Hausbesuche durch Fachpersonal:<\/strong> Qualifizierte Sozialarbeitende besuchen die Menschen zu Hause. Die Besuchsfrequenz wird nach individuellem Bedarf fest gelegt.<\/p>\n<p>[\/et_pb_blurb][et_pb_blurb use_icon=&#187;on&#187; font_icon=&#187;&#xe046;||divi||400&#8243; _builder_version=&#187;4.27.4&#8243; _module_preset=&#187;default&#187; locked=&#187;off&#187; global_colors_info=&#187;{}&#187;]<\/p>\n<p><strong>Vernetzte Zusammenarbeit:<\/strong> Casanostra arbeitet im Interesse der Menschen eng mit Partnerinstitutionen im Immobilien-, Gesundheits- und Sozialbereich zusammen, um mit vereinten Kr\u00e4ften und ganzheitlicher Perspektive die Situation verbessern zu k\u00f6nnen.<\/p>\n<p>[\/et_pb_blurb][et_pb_blurb use_icon=&#187;on&#187; font_icon=&#187;&#xe046;||divi||400&#8243; _builder_version=&#187;4.27.4&#8243; _module_preset=&#187;default&#187; locked=&#187;off&#187; global_colors_info=&#187;{}&#187;]<\/p>\n<p><strong>Zielvereinbarung: <\/strong>Gemeinsam mit dem Kostentr\u00e4ger und den Klientinnen und Klienten \u00a0definieren wir die Zielsetzungen und die Mittel f\u00fcr die Wohnbegeleitung. Die Vereinbarung ist nur g\u00fcltig, wenn sie durch alle drei Parteien unterzeichnet wird<\/p>\n<p>[\/et_pb_blurb][et_pb_blurb use_icon=&#187;on&#187; font_icon=&#187;&#xe046;||divi||400&#8243; _builder_version=&#187;4.27.4&#8243; _module_preset=&#187;default&#187; locked=&#187;off&#187; global_colors_info=&#187;{}&#187;]<\/p>\n<p><strong>Standortbestimmung: <\/strong>Alle sechs Monate oder nach Vereinbarung wird die Zielerreichung ausgewertet und auf der Grundlage dieser Auswertung \u00fcber eine Verl\u00e4ngerung von \u00abWohnfit\u00bb entschieden.<\/p>\n<p>[\/et_pb_blurb][et_pb_blurb use_icon=&#187;on&#187; font_icon=&#187;&#xe046;||divi||400&#8243; _builder_version=&#187;4.27.4&#8243; _module_preset=&#187;default&#187; locked=&#187;off&#187; global_colors_info=&#187;{}&#187;]<\/p>\n<p><strong>Verschwiegenheit:<\/strong> Die Mitarbeitenden halten sich an die berufliche Schweigepflicht.<\/p>\n<p>[\/et_pb_blurb][et_pb_blurb use_icon=&#187;on&#187; font_icon=&#187;&#xe046;||divi||400&#8243; _builder_version=&#187;4.27.4&#8243; _module_preset=&#187;default&#187; custom_margin=&#187;0px||15px||false|false&#187; locked=&#187;off&#187; global_colors_info=&#187;{}&#187;]<\/p>\n<p><strong>Abschluss:\u2028<\/strong> Bei Beendigung des \u00abWohnfits\u00bb wird mit der begleiteten Person sowie mit allf\u00e4lligen Drittparteien die Zielvereinbarung ausgewertet. Falls dies die begleitete Person w\u00fcnscht, erteilt Casanostra eine Referenz zu Handen des (zuk\u00fcnftigen) Vermieters.<\/p>\n<p>[\/et_pb_blurb][et_pb_heading title=&#187;Was es kostet&#187; _builder_version=&#187;4.27.4&#8243; _module_preset=&#187;default&#187; title_level=&#187;h2&#8243; title_text_color=&#187;#AB5B47&#8243; locked=&#187;off&#187; global_colors_info=&#187;{}&#187;][\/et_pb_heading][et_pb_text _builder_version=&#187;4.27.4&#8243; background_size=&#187;initial&#187; background_position=&#187;top_left&#187; background_repeat=&#187;repeat&#187; custom_margin=&#187;27px|||||&#187; custom_padding=&#187;0px|||||&#187; global_colors_info=&#187;{}&#187;]<\/p>\n<p>Die begleitete Person ist f\u00fcr die Bezahlung der Kosten verantwortlich. Die Kosten berechnen sich nach Zeitaufwand. Mit der Zielvereinbarung wird ein Kostendach vereinbart. Es ist eine Kostengutsprache durch eine soziale Institution erforderlich. Die Anmeldung und erste Abkl\u00e4rungen im zeitlichen Umfang von einer Stunde sind f\u00fcr die Interessenten kostenlos. Eine definitive Anmeldung erfordert die g\u00fcltige Kostengutsprache eines Kostentr\u00e4gers.<\/p>\n<p>[\/et_pb_text][et_pb_heading title=&#187;Wie man sich anmeldet&#187; _builder_version=&#187;4.27.4&#8243; _module_preset=&#187;default&#187; title_level=&#187;h2&#8243; title_text_color=&#187;#AB5B47&#8243; locked=&#187;off&#187; global_colors_info=&#187;{}&#187;][\/et_pb_heading][et_pb_text _builder_version=&#187;4.27.4&#8243; global_colors_info=&#187;{}&#187;]<\/p>\n<p>Die Anmeldung erfolgt schriftlich mit dem Anmeldeformular. Dieses kann auf der Gesch\u00e4ftsstelle bezogen oder hier heruntergeladen werden.<a class=\"download-icon\" href=\"https:\/\/casanostra-biel.ch\/wp-content\/uploads\/2019\/05\/Flyer-Wohnfit_dt.pdf\" target=\"_blank\" rel=\"noopener noreferrer\"><\/a><\/p>\n<p>[\/et_pb_text][et_pb_blurb url=&#187;https:\/\/casanostra-biel.ch\/wp-content\/uploads\/2022\/06\/Anmeldeformular-2021_d.pdf&#187; url_new_window=&#187;on&#187; use_icon=&#187;on&#187; font_icon=&#187;&#xe092;||divi||400&#8243; admin_label=&#187;Blurb&#187; _builder_version=&#187;4.27.5&#8243; _module_preset=&#187;bf5aa682-012b-412f-8e05-0a060be12516&#8243; background_color=&#187;#FCE7C5&#8243; link_option_url=&#187;https:\/\/casanostra-biel.ch\/wp-content\/uploads\/2022\/06\/Anmeldeformular-2021_d.pdf&#187; link_option_url_new_window=&#187;on&#187; locked=&#187;off&#187; global_colors_info=&#187;{}&#187;]<\/p>\n<p style=\"text-align: left;\"><a href=\"https:\/\/casanostra-biel.ch\/wp-content\/uploads\/2026\/01\/Anmeldung-Casanostra-D.pdf\"><span style=\"text-decoration: underline; color: #000000;\"><strong>Anmeldeformular<\/strong><\/span><\/a><\/p>\n<p>[\/et_pb_blurb][et_pb_blurb url=&#187;https:\/\/casanostra-biel.ch\/wp-content\/uploads\/2026\/02\/Casanostra_Flyer-WEB-DE.pdf&#187; url_new_window=&#187;on&#187; use_icon=&#187;on&#187; font_icon=&#187;&#xe092;||divi||400&#8243; admin_label=&#187;Blurb&#187; _builder_version=&#187;4.27.5&#8243; _module_preset=&#187;bf5aa682-012b-412f-8e05-0a060be12516&#8243; background_color=&#187;#FCE7C5&#8243; link_option_url=&#187;https:\/\/casanostra-biel.ch\/wp-content\/uploads\/2026\/02\/Casanostra_Flyer-WEB-DE.pdf&#187; link_option_url_new_window=&#187;on&#187; hover_enabled=&#187;0&#8243; locked=&#187;off&#187; global_colors_info=&#187;{}&#187; sticky_enabled=&#187;0&#8243;]<\/p>\n<p style=\"text-align: left;\"><a href=\"https:\/\/casanostra-biel.ch\/wp-content\/uploads\/2026\/02\/Casanostra_Flyer-WEB-DE.pdf\"><span style=\"text-decoration: underline; color: #000000;\"><strong>Flyer<\/strong><\/span><\/a><\/p>\n<p>[\/et_pb_blurb][\/et_pb_column][\/et_pb_row][\/et_pb_section]<\/p>\n","protected":false},"excerpt":{"rendered":"<p><div class=\"et_pb_module dsm_breadcrumbs dsm_breadcrumbs_0\">\n\t\t\t\t\n\t\t\t\t\n\t\t\t\t\n\t\t\t\t\n\t\t\t\t\n\t\t\t\t\n\t\t\t\t<div class=\"et_pb_module_inner\">\n\t\t\t\t\t<nav class=\"dsm_breadcrumbs_wrap\">\n\t\t\t\t<ul class=\"dsm_breadcrumbs\" itemscope itemtype=\"https:\/\/schema.org\/BreadcrumbList\">\t\t\t<li class=\"dsm_breadcrumbs_item dsm_home_item dsm_home_item_custom\" itemprop=\"itemListElement\" itemscope\n\t\t\titemtype=\"https:\/\/schema.org\/ListItem\">\n\t\t\t\t<a href=\"https:\/\/casanostra-biel.ch\/fr\" itemprop=\"item\" target=\"\">\n\t\t\t\t\t<span class='dsm_home_text_wrapper'>\n\t\t\t\t\t\t\t\t\t\t\t\t\t<span class=\"dsm_home_text\" itemprop=\"name\">\n\t\t\t\t\t\t\t\tHome\t\t\t\t\t\t\t<\/span>\n\t\t\t\t\t<\/span>\n\t\t\t\t<\/a>\n\t\t\t\t<meta itemprop=\"position\" content=\"1\" \/>\n\t\t\t<\/li>\n\n\t\t<li class=\"dsm_breadcrumbs_separator\"> <span class=\"et-pb-icon dsm_separator_icon\">&#x35;<\/span><\/li><\/ul>\n\t\t\t<\/nav>\n\t\t\t\t<\/div>\n\t\t\t<\/div>\u201eWohnfit\u201c: Ein Pr\u00e4ventionsangebot zum Erhalt der WohnungDas Angebot \u00abWohnfit\u00bb steht f\u00fcr begleitetes Wohnen f\u00fcr Menschen, die in ihren eigenen Wohnungen leben.\u00a0 \u00abWohnfit\u00bb ist f\u00fcr Personen, Paare und Familien, die ihre Kompetenzen im Wohnbereich erweitern wollen. Sie sind Mieterin oder Mieter einer Wohnung und m\u00f6chten in dieser Wohnung bleiben k\u00f6nnen. Sie wollen Wohnkompetenzen erlangen, um im Wohnungsmarkt fit zu werden, ben\u00f6tigen fachliche Unterst\u00fctzung, um an ihren Schwierigkeiten zu arbeiten, die ihr Mietverh\u00e4ltnis gef\u00e4hrden k\u00f6nnten.\u201eMit dem Wohnfit von Casanostra kam Rhythmus in mein Leben.\u201cWir bieten eine sozialarbeiterische Begleitung f\u00fcr Menschen, die Unterst\u00fctzung im Alltag ben\u00f6tigen. Alle unsere Interventionen haben das Ziel, die Selbstst\u00e4ndigkeit der Menschen zu erh\u00f6hen und das Mietverh\u00e4ltnis m\u00f6glichst langfristig zu sichern. Am Anfang unserer Arbeit steht eine genaue Abkl\u00e4rung der jeweiligen Umst\u00e4nde:Entspricht die gemietete Wohnung den Bed\u00fcrfnissen der Mietpartei? Wie ist das Mietverh\u00e4ltnis geregelt? Wo liegen Unstimmigkeiten in der heutigen Wohnsituation? Welche Probleme stehen an und von wem werden sie wie definiert?Welche pers\u00f6nlichen und materiellen Ressourcen stehen zur Verf\u00fcgung, um die Wohnsituation zu verbessern? Welche Unterst\u00fctzungen durch Familie, Freunde und Nachbarn sind m\u00f6glich? Sind weitere Fachstellen [&hellip;]<\/p>\n","protected":false},"author":12,"featured_media":134,"parent":90,"menu_order":0,"comment_status":"closed","ping_status":"closed","template":"","meta":{"_et_pb_use_builder":"on","_et_pb_old_content":"<strong>\u201eWohnfit\u201c: Begleitetes Wohnen in Wohnungen, die nicht Casanostra geh\u00f6ren.<\/strong>\r\n\r\n<strong>Wen wir begleiten<\/strong>\r\n\r\n\u201eWohnfit\u201c ist unser neues Angebot f\u00fcr Sozialdienste, welche Personen, Paare und Familien mit ungen\u00fcgenden Wohnkompetenzen betreuen. Diese Personen haben eine Wohnung gemietet und m\u00f6chten in dieser Wohnung bleiben k\u00f6nnen. Sie wollen Wohnkompetenzen erlangen, um f\u00fcr den Wohnungsmarkt fit zu werden - daher der Begriff \u00abWohnfit\u00bb. Sie wollen an den Schwierigkeiten arbeiten, die ihr Mietverh\u00e4ltnis gef\u00e4hrden k\u00f6nnte und dabei fachliche Unterst\u00fctzung beanspruchen.\r\n\r\n<strong>Was wir bieten<\/strong>\r\n\r\nWir bieten eine sozialarbeiterische Unterst\u00fctzung von Mietparteien mit ungen\u00fcgenden Wohnkompetenzen. Alle unsere Interventionen haben das Ziel, die Selbstst\u00e4ndigkeit der Mieterin oder des Mieters zu erh\u00f6hen und das Mietverh\u00e4ltnis m\u00f6glichst langfristig zu sichern. Am Anfang unserer Arbeit steht eine genaue Abkl\u00e4rung der jeweiligen Umst\u00e4nde:\r\n\r\n<strong>Einsch\u00e4tzung der Wohnsituation<\/strong>\r\n<ul>\r\n \t<li>Entspricht die gemietete Wohnung den Bed\u00fcrfnissen der Mietpartei? Wie ist das Mietverh\u00e4ltnis geregelt? Wo liegen Unstimmigkeiten in der heutigen Wohnsituation? Welche Probleme stehen an und von wem werden sie wie definiert?<\/li>\r\n<\/ul>\r\n<strong>Einsch\u00e4tzung der Wohnressourcen<\/strong>\r\n<ul>\r\n \t<li>Welche pers\u00f6nlichen und materiellen Ressourcen stehen zur Verf\u00fcgung, um die Wohnsituation zu verbessern? Welche Unterst\u00fctzungen durch Familie, Freunde und Nachbarn sind m\u00f6glich? Sind weitere Fachstellen involviert oder deren Einbezug notwendig?<\/li>\r\n<\/ul>\r\n<strong>Beratung \u00fcber Ver\u00e4nderungsm\u00f6glichkeiten<\/strong>\r\n<ul>\r\n \t<li>Soll und kann das bestehende Mietverh\u00e4ltnis aufrecht erhalten werden? An welchen L\u00f6sungsans\u00e4tzen orientiert sich die Mietpartei? Welche Alternativen bieten sich an?<\/li>\r\n<\/ul>\r\n<strong>Wie wir arbeiten<\/strong>\r\n<ul>\r\n \t<li><strong>Hausbesuche durch Fachpersonal:<\/strong> Qualifizierte Sozialarbeitende besuchen die Kunden zu Hause. Die Besuchsfrequenz wird nach individuellem Bedarf fest gelegt.<\/li>\r\n \t<li><strong>Vernetzte Zusammenarbeit:<\/strong> Casanostra arbeitet im Interesse der Klientinnen und Klienten eng mit Partnerinstitutionen im Immobilien-, Gesundheits- und Sozialbereich zusammen, um mit vereinten Kr\u00e4ften und ganzheitlicher Perspektive die Situation verbessern zu k\u00f6nnen.<\/li>\r\n \t<li><strong>Zielvereinbarung<\/strong>\u2028: Gemeinsam mit dem Kostentr\u00e4ger und den Klientinnen und Klienten \u00a0definieren wir die Zielsetzungen und die Mittel f\u00fcr die Wohnbegeleitung. Die Vereinbarung ist nur g\u00fcltig, wenn sie durch alle drei Parteien unterzeichnet wird.<\/li>\r\n \t<li><strong>Standortbestimmung: <\/strong>Alle sechs Monate oder nach Vereinbarung wird die Zielerreichung ausgewertet und auf der Grundlage dieser Auswertung \u00fcber eine Verl\u00e4ngerung von \u00abWohnfit\u00bb entschieden.<\/li>\r\n \t<li><strong>Verschwiegenheit<\/strong><strong>\u2028:<\/strong> Die Mitarbeitenden halten sich an die berufliche Schweigepflicht.<\/li>\r\n \t<li><strong>Abschluss:<\/strong>\u2028 Bei Beendigung des \u00abWohnfits\u00bb wird mit der Klientin oder dem Klienten sowie mit allf\u00e4lligen Drittparteien die Zielvereinbarung ausgewertet. Falls dies die Klientin oder der Klient w\u00fcnscht, erteilt Casanostra eine Referenz zu Handen des (zuk\u00fcnftigen) Vermieters.<\/li>\r\n<\/ul>\r\n<strong>Was es kostet<\/strong>\r\n\r\nDie Klientin oder der Klient ist f\u00fcr die Bezahlung der Kosten verantwortlich. Die Kosten berechnen sich nach Zeitaufwand zum Ansatz von Fr. 125.00 pro Stunde oder pauschal nach den Tarifen des Begleiteten Wohnens. Mit der Zielvereinbarung wird ein Kostendach vereinbart. Es ist eine Kostengutsprache durch eine soziale Institution erforderlich.\r\n\r\nDie Anmeldung und erste Abkl\u00e4rungen im zeitlichen Umfang von einer Stunde sind f\u00fcr die Interessenten kostenlos.\r\n\r\n<strong>Wie man sich anmeldet<\/strong>\r\n\r\nDie Anmeldung erfolgt schriftlich mit dem Anmeldeformular. Dieses kann auf der Gesch\u00e4ftsstelle bezogen oder hier heruntergeladen werden.\r\n\r\n<a class=\"download-icon\" href=\"https:\/\/casanostra-biel.ch\/wp-content\/uploads\/2022\/06\/Anmeldeformular-2021_d.pdf\"><strong>Anmeldeformular<\/strong>\r\n(PDF, 55 KB)<\/a>\r\n\r\n<a class=\"download-icon\" href=\"https:\/\/casanostra-biel.ch\/wp-content\/uploads\/2019\/05\/Flyer-Wohnfit_dt.pdf\" target=\"_blank\" rel=\"noopener noreferrer\"><strong>Infoflyer<\/strong>\r\n(PDF, 1.7 MB)<\/a>","_et_gb_content_width":"","footnotes":""},"class_list":["post-132","page","type-page","status-publish","has-post-thumbnail","hentry"],"_links":{"self":[{"href":"https:\/\/casanostra-biel.ch\/fr\/wp-json\/wp\/v2\/pages\/132","targetHints":{"allow":["GET"]}}],"collection":[{"href":"https:\/\/casanostra-biel.ch\/fr\/wp-json\/wp\/v2\/pages"}],"about":[{"href":"https:\/\/casanostra-biel.ch\/fr\/wp-json\/wp\/v2\/types\/page"}],"author":[{"embeddable":true,"href":"https:\/\/casanostra-biel.ch\/fr\/wp-json\/wp\/v2\/users\/12"}],"replies":[{"embeddable":true,"href":"https:\/\/casanostra-biel.ch\/fr\/wp-json\/wp\/v2\/comments?post=132"}],"version-history":[{"count":0,"href":"https:\/\/casanostra-biel.ch\/fr\/wp-json\/wp\/v2\/pages\/132\/revisions"}],"up":[{"embeddable":true,"href":"https:\/\/casanostra-biel.ch\/fr\/wp-json\/wp\/v2\/pages\/90"}],"wp:featuredmedia":[{"embeddable":true,"href":"https:\/\/casanostra-biel.ch\/fr\/wp-json\/wp\/v2\/media\/134"}],"wp:attachment":[{"href":"https:\/\/casanostra-biel.ch\/fr\/wp-json\/wp\/v2\/media?parent=132"}],"curies":[{"name":"wp","href":"https:\/\/api.w.org\/{rel}","templated":true}]}}