{"id":123,"date":"2017-02-25T13:08:11","date_gmt":"2017-02-25T13:08:11","guid":{"rendered":"https:\/\/casanostra-biel.ch\/?page_id=123"},"modified":"2026-02-17T14:49:51","modified_gmt":"2026-02-17T14:49:51","slug":"logements","status":"publish","type":"page","link":"https:\/\/casanostra-biel.ch\/fr\/angebot\/wohnraum\/","title":{"rendered":"Logements"},"content":{"rendered":"<p>[et_pb_section fb_built=&#187;1&#8243; next_background_color=&#187;gcid-secondary-color&#187; _builder_version=&#187;4.27.4&#8243; _module_preset=&#187;default&#187; background_color=&#187;#AB5B47&#8243; bottom_divider_style=&#187;curve&#187; bottom_divider_height=&#187;30px&#187; bottom_divider_height_tablet=&#187;20px&#187; bottom_divider_height_phone=&#187;7px&#187; bottom_divider_height_last_edited=&#187;on|phone&#187; global_colors_info=&#187;{}&#187;][et_pb_row _builder_version=&#187;4.27.4&#8243; _module_preset=&#187;default&#187; global_colors_info=&#187;{}&#187;][et_pb_column type=&#187;4_4&#8243; _builder_version=&#187;4.27.4&#8243; _module_preset=&#187;default&#187; global_colors_info=&#187;{}&#187;][et_pb_heading title=&#187;Alles Wissenswerte zum Angebot Wohnraum&#187; _builder_version=&#187;4.27.4&#8243; _module_preset=&#187;default&#187; title_text_color=&#187;#FFFFFF&#187; title_font_size=&#187;6rem&#187; title_font_size_tablet=&#187;4.5rem&#187; title_font_size_phone=&#187;3rem&#187; title_font_size_last_edited=&#187;on|phone&#187; global_colors_info=&#187;{}&#187;][\/et_pb_heading][\/et_pb_column][\/et_pb_row][\/et_pb_section][et_pb_section fb_built=&#187;1&#8243; disabled_on=&#187;on|off|off&#187; _builder_version=&#187;4.27.4&#8243; _module_preset=&#187;default&#187; background_color=&#187;gcid-secondary-color&#187; custom_margin=&#187;0px||0px||false|false&#187; custom_padding=&#187;0px||0px||false|false&#187; border_color_bottom=&#187;#9B140E&#187; global_colors_info=&#187;{%22gcid-secondary-color%22:%91%22background_color%22%93}&#187;][et_pb_row _builder_version=&#187;4.27.3&#8243; _module_preset=&#187;default&#187; width=&#187;100%&#187; max_width=&#187;100%&#187; custom_margin=&#187;0px||0px||false|false&#187; custom_padding=&#187;10px||0px||false|false&#187; global_colors_info=&#187;{}&#187;][et_pb_column type=&#187;4_4&#8243; _builder_version=&#187;4.27.3&#8243; _module_preset=&#187;default&#187; global_colors_info=&#187;{}&#187;][dsm_breadcrumbs show_home_icon=&#187;off&#187; separator_icon=&#187;&#x35;||divi||400&#8243; items_bg_color=&#187;#C75C42&#8243; items_padding=&#187;0px|15px|0px|15px|true|true&#187; current_padding=&#187;0px|0px|0px|0px|false|false&#187; _builder_version=&#187;4.27.4&#8243; _module_preset=&#187;default&#187; items_text_color=&#187;#FFFFFF&#187; items_font_size=&#187;1rem&#187; separators_text_color=&#187;#AB5B47&#8243; current_font=&#187;Sytax LT Bold||||||||&#187; current_text_color=&#187;#3A2F2A&#187; current_font_size=&#187;1rem&#187; custom_margin=&#187;0px||0px|0px|false|false&#187; custom_padding=&#187;0px||0px|5%|false|false&#187; border_radii_items=&#187;on|200px|200px|200px|200px&#187; global_colors_info=&#187;{}&#187; items_text_color__hover_enabled=&#187;off|desktop&#187; current_bg_color__hover_enabled=&#187;on|hover&#187; items_bg_color__hover_enabled=&#187;off|hover&#187; current_bg_color__hover=&#187;RGBA(255,255,255,0)&#187;][\/dsm_breadcrumbs][\/et_pb_column][\/et_pb_row][\/et_pb_section][et_pb_section fb_built=&#187;1&#8243; _builder_version=&#187;4.27.4&#8243; background_color=&#187;#FCE7C5&#8243; custom_padding=&#187;||103px|||&#187; bottom_divider_height=&#187;30px&#187; bottom_divider_height_tablet=&#187;20px&#187; bottom_divider_height_phone=&#187;7px&#187; bottom_divider_height_last_edited=&#187;on|phone&#187; global_colors_info=&#187;{}&#187;][et_pb_row _builder_version=&#187;4.27.3&#8243; _module_preset=&#187;default&#187; custom_padding=&#187;||3px|||&#187; locked=&#187;off&#187; global_colors_info=&#187;{}&#187;][et_pb_column type=&#187;4_4&#8243; _builder_version=&#187;4.27.3&#8243; _module_preset=&#187;default&#187; global_colors_info=&#187;{}&#187;][et_pb_text _builder_version=&#187;4.27.4&#8243; _module_preset=&#187;default&#187; global_colors_info=&#187;{}&#187;]<\/p>\n<p><strong>Casanostra verf\u00fcgt \u00fcber eigene Liegenschaften und mietet geeigneten Wohnraum von privaten Anbietern.<\/strong><\/p>\n<p>[\/et_pb_text][\/et_pb_column][\/et_pb_row][\/et_pb_section][et_pb_section fb_built=&#187;1&#8243; _builder_version=&#187;4.27.4&#8243; _module_preset=&#187;default&#187; background_image=&#187;https:\/\/casanostra-biel.ch\/wp-content\/uploads\/2025\/04\/Wasenstrasse_03032019_016.jpg&#187; parallax=&#187;on&#187; parallax_method=&#187;off&#187; height=&#187;450px&#187; background_last_edited=&#187;off|desktop&#187; background_image_phone=&#187;https:\/\/casanostra-biel.ch\/wp-content\/uploads\/2025\/02\/Casanostra-Molzgasse_Fassade_20140206_015.jpg&#187; background_enable_image_phone=&#187;on&#187; locked=&#187;off&#187; global_colors_info=&#187;{}&#187;][et_pb_row _builder_version=&#187;4.27.4&#8243; _module_preset=&#187;default&#187; global_colors_info=&#187;{}&#187;][et_pb_column type=&#187;4_4&#8243; _builder_version=&#187;4.27.4&#8243; _module_preset=&#187;default&#187; global_colors_info=&#187;{}&#187;][\/et_pb_column][\/et_pb_row][\/et_pb_section][et_pb_section fb_built=&#187;1&#8243; _builder_version=&#187;4.27.4&#8243; background_color=&#187;#FCE7C5&#8243; custom_padding=&#187;||103px|||&#187; bottom_divider_color=&#187;#AB5B47&#8243; bottom_divider_height=&#187;30px&#187; bottom_divider_height_tablet=&#187;20px&#187; bottom_divider_height_phone=&#187;7px&#187; bottom_divider_height_last_edited=&#187;on|phone&#187; global_colors_info=&#187;{}&#187;][et_pb_row _builder_version=&#187;4.27.3&#8243; _module_preset=&#187;default&#187; custom_padding=&#187;||3px|||&#187; locked=&#187;off&#187; global_colors_info=&#187;{}&#187;][et_pb_column type=&#187;4_4&#8243; _builder_version=&#187;4.27.3&#8243; _module_preset=&#187;default&#187; global_colors_info=&#187;{}&#187;][et_pb_heading title=&#187;Mietdauer&#187; _builder_version=&#187;4.27.4&#8243; _module_preset=&#187;default&#187; title_level=&#187;h2&#8243; title_text_color=&#187;#AB5B47&#8243; global_colors_info=&#187;{}&#187;][\/et_pb_heading][et_pb_text _builder_version=&#187;4.27.4&#8243; _module_preset=&#187;default&#187; global_colors_info=&#187;{}&#187;]<\/p>\n<p><span>Die Mietdauer f\u00fcr eine Wohnung bei Casanostra ist grunds\u00e4tzlich unbefristet. Die Mietdauer wird individuell festgelegt und periodisch \u00fcberpr\u00fcft. Das Mietverh\u00e4ltnis ist im Prinzip mit einer professionellen Wohnbegleitung verbunden.<\/span><\/p>\n<p>[\/et_pb_text][et_pb_text _builder_version=&#187;4.27.4&#8243; _module_preset=&#187;default&#187; locked=&#187;off&#187; global_colors_info=&#187;{}&#187;]<\/p>\n<p><strong>Casanostra verf\u00fcgt zurzeit \u00fcber 160 Wohneinheiten davon sind 96 Wohneinheiten in Besitz von Casanostra:<\/strong><\/p>\n<p>[\/et_pb_text][et_pb_blurb use_icon=&#187;on&#187; font_icon=&#187;&#xe046;||divi||400&#8243; _builder_version=&#187;4.27.4&#8243; _module_preset=&#187;default&#187; global_colors_info=&#187;{}&#187;]<\/p>\n<p>6 m\u00f6blierte Zimmer in 3 Aufnahmewohnungen<\/p>\n<p>[\/et_pb_blurb][et_pb_blurb use_icon=&#187;on&#187; font_icon=&#187;&#xe046;||divi||400&#8243; _builder_version=&#187;4.27.4&#8243; _module_preset=&#187;default&#187; global_colors_info=&#187;{}&#187;]<\/p>\n<p>75 Einzimmerwohnungen oder Studios<\/p>\n<p>[\/et_pb_blurb][et_pb_blurb use_icon=&#187;on&#187; font_icon=&#187;&#xe046;||divi||400&#8243; _builder_version=&#187;4.27.4&#8243; _module_preset=&#187;default&#187; global_colors_info=&#187;{}&#187;]<\/p>\n<p>50 Zweizimmerwohnungen<\/p>\n<p>[\/et_pb_blurb][et_pb_blurb use_icon=&#187;on&#187; font_icon=&#187;&#xe046;||divi||400&#8243; _builder_version=&#187;4.27.4&#8243; _module_preset=&#187;default&#187; global_colors_info=&#187;{}&#187;]<\/p>\n<p>20 Dreizimmerwohnungen<\/p>\n<p>[\/et_pb_blurb][et_pb_blurb use_icon=&#187;on&#187; font_icon=&#187;&#xe046;||divi||400&#8243; _builder_version=&#187;4.27.4&#8243; _module_preset=&#187;default&#187; global_colors_info=&#187;{}&#187;]<\/p>\n<p>1 Vierzimmer-Notwohnung, m\u00f6bliert<\/p>\n<p>[\/et_pb_blurb][et_pb_blurb use_icon=&#187;on&#187; font_icon=&#187;&#xe046;||divi||400&#8243; _builder_version=&#187;4.27.4&#8243; _module_preset=&#187;default&#187; global_colors_info=&#187;{}&#187;]<\/p>\n<p>1 Zweizimmer-Notwohnung, m\u00f6bliert<\/p>\n<p>[\/et_pb_blurb][et_pb_blurb use_icon=&#187;on&#187; font_icon=&#187;&#xe046;||divi||400&#8243; _builder_version=&#187;4.27.4&#8243; _module_preset=&#187;default&#187; global_colors_info=&#187;{}&#187;]<\/p>\n<p>7 4-5 Zimmerwohnungen, davon 1 Reihenhaus<\/p>\n<p>&nbsp;<\/p>\n<p>[\/et_pb_blurb][et_pb_blurb url=&#187;https:\/\/casanostra-biel.ch\/wp-content\/uploads\/2022\/06\/Anmeldeformular-2021_d.pdf&#187; url_new_window=&#187;on&#187; use_icon=&#187;on&#187; font_icon=&#187;&#xe092;||divi||400&#8243; admin_label=&#187;Blurb&#187; _builder_version=&#187;4.27.5&#8243; _module_preset=&#187;bf5aa682-012b-412f-8e05-0a060be12516&#8243; background_color=&#187;#FCE7C5&#8243; link_option_url=&#187;https:\/\/casanostra-biel.ch\/wp-content\/uploads\/2022\/06\/Anmeldeformular-2021_d.pdf&#187; link_option_url_new_window=&#187;on&#187; locked=&#187;off&#187; global_colors_info=&#187;{}&#187;]<\/p>\n<p style=\"text-align: left;\"><a href=\"https:\/\/casanostra-biel.ch\/wp-content\/uploads\/2026\/01\/Anmeldung-Casanostra-D.pdf\"><span style=\"text-decoration: underline; color: #000000;\"><strong>Anmeldeformular<\/strong><\/span><\/a><\/p>\n<p>[\/et_pb_blurb][et_pb_blurb url=&#187;https:\/\/casanostra-biel.ch\/wp-content\/uploads\/2026\/02\/Casanostra_Flyer-WEB-DE.pdf&#187; url_new_window=&#187;on&#187; use_icon=&#187;on&#187; font_icon=&#187;&#xe092;||divi||400&#8243; admin_label=&#187;Blurb&#187; _builder_version=&#187;4.27.5&#8243; _module_preset=&#187;bf5aa682-012b-412f-8e05-0a060be12516&#8243; background_color=&#187;#FCE7C5&#8243; link_option_url=&#187;https:\/\/casanostra-biel.ch\/wp-content\/uploads\/2026\/02\/Casanostra_Flyer-WEB-DE.pdf&#187; link_option_url_new_window=&#187;on&#187; hover_enabled=&#187;0&#8243; locked=&#187;off&#187; global_colors_info=&#187;{}&#187; sticky_enabled=&#187;0&#8243;]<\/p>\n<p style=\"text-align: left;\"><a href=\"https:\/\/casanostra-biel.ch\/wp-content\/uploads\/2026\/02\/Casanostra_Flyer-WEB-DE.pdf\"><span style=\"text-decoration: underline; color: #000000;\"><strong>Flyer<\/strong><\/span><\/a><\/p>\n<p>[\/et_pb_blurb][\/et_pb_column][\/et_pb_row][\/et_pb_section][et_pb_section fb_built=&#187;1&#8243; _builder_version=&#187;4.27.4&#8243; _module_preset=&#187;default&#187; background_color=&#187;#FDF4E4&#8243; bottom_divider_style=&#187;curve&#187; bottom_divider_color=&#187;#AB5B47&#8243; bottom_divider_height=&#187;30px&#187; bottom_divider_height_tablet=&#187;20px&#187; bottom_divider_height_phone=&#187;7px&#187; bottom_divider_height_last_edited=&#187;on|phone&#187; locked=&#187;off&#187; global_colors_info=&#187;{}&#187;][et_pb_row _builder_version=&#187;4.27.5&#8243; _module_preset=&#187;default&#187; custom_margin=&#187;|auto|0px|auto|false|false&#187; custom_padding=&#187;0px||||false|false&#187; global_colors_info=&#187;{}&#187;][et_pb_column type=&#187;4_4&#8243; _builder_version=&#187;4.27.4&#8243; _module_preset=&#187;default&#187; global_colors_info=&#187;{}&#187;][et_pb_heading title=&#187;Liegenschaften&#187; _builder_version=&#187;4.27.4&#8243; _module_preset=&#187;default&#187; title_level=&#187;h2&#8243; title_text_color=&#187;#AB5B47&#8243; locked=&#187;off&#187; global_colors_info=&#187;{}&#187;][\/et_pb_heading][et_pb_gallery gallery_ids=&#187;233343,233342,233340,233339,233338,6768,6673,6672,233898,233899,233900,233901,233902,233903,233904,233905,233906,233907,233908,233909,233910,233911,233913,233914,233915,233916,233917,233918,233919&#8243; show_title_and_caption=&#187;off&#187; _builder_version=&#187;4.27.4&#8243; _module_preset=&#187;default&#187; pagination_font=&#187;Sytax LT Bold||||||||&#187; pagination_text_color=&#187;#393E41&#8243; pagination_font_size=&#187;18px&#187; border_radii_image=&#187;on|10px|10px|10px|10px&#187; global_colors_info=&#187;{}&#187;][\/et_pb_gallery][\/et_pb_column][\/et_pb_row][\/et_pb_section]<\/p>\n","protected":false},"excerpt":{"rendered":"<p><div class=\"et_pb_module dsm_breadcrumbs dsm_breadcrumbs_0\">\n\t\t\t\t\n\t\t\t\t\n\t\t\t\t\n\t\t\t\t\n\t\t\t\t\n\t\t\t\t\n\t\t\t\t<div class=\"et_pb_module_inner\">\n\t\t\t\t\t<nav class=\"dsm_breadcrumbs_wrap\">\n\t\t\t\t<ul class=\"dsm_breadcrumbs\" itemscope itemtype=\"https:\/\/schema.org\/BreadcrumbList\">\t\t\t<li class=\"dsm_breadcrumbs_item dsm_home_item dsm_home_item_custom\" itemprop=\"itemListElement\" itemscope\n\t\t\titemtype=\"https:\/\/schema.org\/ListItem\">\n\t\t\t\t<a href=\"https:\/\/casanostra-biel.ch\/fr\" itemprop=\"item\" target=\"\">\n\t\t\t\t\t<span class='dsm_home_text_wrapper'>\n\t\t\t\t\t\t\t\t\t\t\t\t\t<span class=\"dsm_home_text\" itemprop=\"name\">\n\t\t\t\t\t\t\t\tAccueil\t\t\t\t\t\t\t<\/span>\n\t\t\t\t\t<\/span>\n\t\t\t\t<\/a>\n\t\t\t\t<meta itemprop=\"position\" content=\"1\" \/>\n\t\t\t<\/li>\n\n\t\t<li class=\"dsm_breadcrumbs_separator\"> <span class=\"et-pb-icon dsm_separator_icon\">5<\/span><\/li><\/ul>\n\t\t\t<\/nav>\n\t\t\t\t<\/div>\n\t\t\t<\/div>Casanostra verf\u00fcgt \u00fcber eigene Liegenschaften und mietet geeigneten Wohnraum von privaten Anbietern.Die Mietdauer f\u00fcr eine Wohnung bei Casanostra ist grunds\u00e4tzlich unbefristet. Die Mietdauer wird individuell festgelegt und periodisch \u00fcberpr\u00fcft. Das Mietverh\u00e4ltnis ist im Prinzip mit einer professionellen Wohnbegleitung verbunden.Casanostra verf\u00fcgt zurzeit \u00fcber 160 Wohneinheiten davon sind 96 Wohneinheiten in Besitz von Casanostra:6 m\u00f6blierte Zimmer in 3 Aufnahmewohnungen75 Einzimmerwohnungen oder Studios50 Zweizimmerwohnungen20 Dreizimmerwohnungen1 Vierzimmer-Notwohnung, m\u00f6bliert1 Zweizimmer-Notwohnung, m\u00f6bliert7 4-5 Zimmerwohnungen, davon 1 Reihenhaus &nbsp;AnmeldeformularFlyer<\/p>","protected":false},"author":12,"featured_media":126,"parent":90,"menu_order":0,"comment_status":"closed","ping_status":"closed","template":"","meta":{"_et_pb_use_builder":"on","_et_pb_old_content":"<strong>Casanostra verf\u00fcgt \u00fcber eigene Liegenschaften und mietet geeigneten Wohnraum von privaten Anbietern.<\/strong>\r\n\r\nCasanostra verf\u00fcgt zurzeit \u00fcber 168 Wohneinheiten:\r\n<ul>\r\n \t<li>6 m\u00f6blierte Zimmer in 3 Aufnahmewohnungen<\/li>\r\n \t<li>83 Einzimmerwohnungen oder Studios<\/li>\r\n \t<li>51 Zweizimmerwohnungen<\/li>\r\n \t<li>20 Dreizimmerwohnungen<\/li>\r\n \t<li>1 Vierzimmer-Notwohnung, m\u00f6bliert<\/li>\r\n \t<li>1 Zweizimmer-Notwohnung, m\u00f6bliert<\/li>\r\n \t<li>8 4-5 Zimmerwohnungen, davon 1 Reihenhaus<\/li>\r\n<\/ul>\r\n<a class=\"download-icon\" href=\"https:\/\/casanostra-biel.ch\/wp-content\/uploads\/2019\/05\/Flyer-Wohnraum_Begleitung.pdf\" target=\"_blank\" rel=\"noopener noreferrer\"><strong>Infoflyer<\/strong>\r\n(PDF, 1.7 MB)<\/a>","_et_gb_content_width":"","footnotes":""},"class_list":["post-123","page","type-page","status-publish","has-post-thumbnail","hentry"],"_links":{"self":[{"href":"https:\/\/casanostra-biel.ch\/fr\/wp-json\/wp\/v2\/pages\/123","targetHints":{"allow":["GET"]}}],"collection":[{"href":"https:\/\/casanostra-biel.ch\/fr\/wp-json\/wp\/v2\/pages"}],"about":[{"href":"https:\/\/casanostra-biel.ch\/fr\/wp-json\/wp\/v2\/types\/page"}],"author":[{"embeddable":true,"href":"https:\/\/casanostra-biel.ch\/fr\/wp-json\/wp\/v2\/users\/12"}],"replies":[{"embeddable":true,"href":"https:\/\/casanostra-biel.ch\/fr\/wp-json\/wp\/v2\/comments?post=123"}],"version-history":[{"count":0,"href":"https:\/\/casanostra-biel.ch\/fr\/wp-json\/wp\/v2\/pages\/123\/revisions"}],"up":[{"embeddable":true,"href":"https:\/\/casanostra-biel.ch\/fr\/wp-json\/wp\/v2\/pages\/90"}],"wp:featuredmedia":[{"embeddable":true,"href":"https:\/\/casanostra-biel.ch\/fr\/wp-json\/wp\/v2\/media\/126"}],"wp:attachment":[{"href":"https:\/\/casanostra-biel.ch\/fr\/wp-json\/wp\/v2\/media?parent=123"}],"curies":[{"name":"wp","href":"https:\/\/api.w.org\/{rel}","templated":true}]}}